{"id":394895,"date":"2025-04-28T14:56:19","date_gmt":"2025-04-28T12:56:19","guid":{"rendered":"https:\/\/lamaisonnee.be\/?page_id=394895"},"modified":"2025-04-28T14:56:19","modified_gmt":"2025-04-28T12:56:19","slug":"rgpd","status":"publish","type":"page","link":"https:\/\/lamaisonnee.be\/index.php\/rgpd\/","title":{"rendered":"RGPD"},"content":{"rendered":"<p>[et_pb_section fb_built=\u00a0\u00bb1&Prime; theme_builder_area=\u00a0\u00bbpost_content\u00a0\u00bb _builder_version=\u00a0\u00bb4.27.4&Prime; _module_preset=\u00a0\u00bbdefault\u00a0\u00bb da_is_popup=\u00a0\u00bboff\u00a0\u00bb da_exit_intent=\u00a0\u00bboff\u00a0\u00bb da_has_close=\u00a0\u00bbon\u00a0\u00bb da_alt_close=\u00a0\u00bboff\u00a0\u00bb da_dark_close=\u00a0\u00bboff\u00a0\u00bb da_not_modal=\u00a0\u00bbon\u00a0\u00bb da_is_singular=\u00a0\u00bboff\u00a0\u00bb da_with_loader=\u00a0\u00bboff\u00a0\u00bb da_has_shadow=\u00a0\u00bbon\u00a0\u00bb da_disable_devices=\u00a0\u00bboff|off|off\u00a0\u00bb][et_pb_row _builder_version=\u00a0\u00bb4.27.4&Prime; _module_preset=\u00a0\u00bbdefault\u00a0\u00bb theme_builder_area=\u00a0\u00bbpost_content\u00a0\u00bb][et_pb_column _builder_version=\u00a0\u00bb4.27.4&Prime; _module_preset=\u00a0\u00bbdefault\u00a0\u00bb type=\u00a0\u00bb4_4&Prime; theme_builder_area=\u00a0\u00bbpost_content\u00a0\u00bb][et_pb_text _builder_version=\u00a0\u00bb4.27.4&Prime; _module_preset=\u00a0\u00bbdefault\u00a0\u00bb theme_builder_area=\u00a0\u00bbpost_content\u00a0\u00bb hover_enabled=\u00a0\u00bb0&Prime; sticky_enabled=\u00a0\u00bb0&Prime;]<\/p>\n<h1><span style=\"text-decoration: underline;\"><strong>Politique de Protection des Donn\u00e9es Personnelles (RGPD)<\/strong><\/span><\/h1>\n<p>&nbsp;<\/p>\n<h2>Pr\u00e9ambule<\/h2>\n<p>La pr\u00e9sente politique de protection des donn\u00e9es personnelles est \u00e9tablie conform\u00e9ment au R\u00e8glement (UE) 2016\/679 du Parlement europ\u00e9en et du Conseil du 27 avril 2016 relatif \u00e0 la protection des personnes physiques \u00e0 l&rsquo;\u00e9gard du traitement des donn\u00e9es \u00e0 caract\u00e8re personnel et \u00e0 la libre circulation de ces donn\u00e9es (RGPD), et \u00e0 la loi belge du 30 juillet 2018 relative \u00e0 la protection des personnes physiques \u00e0 l&rsquo;\u00e9gard des traitements de donn\u00e9es \u00e0 caract\u00e8re personnel.<\/p>\n<h2>1. Responsable du traitement<\/h2>\n<p>ASBL La Maisonn\u00e9e<br \/>rue To\u00fbne 6 , 1461 Ittre<br \/>N\u00b0 d&rsquo;entreprise : <span class=\"OYPEnA font-feature-liga-off font-feature-clig-off font-feature-calt-off text-decoration-none text-strikethrough-none\">BE0411.081.941<\/span><br \/>Repr\u00e9sent\u00e9e par : Olivier Piret<\/p>\n<h2>2. Donn\u00e9es collect\u00e9es et finalit\u00e9s<\/h2>\n<h3>2.1 Nature des donn\u00e9es collect\u00e9es<\/h3>\n<p>Dans le cadre de nos activit\u00e9s, nous sommes amen\u00e9s \u00e0 collecter les cat\u00e9gories de donn\u00e9es suivantes :<br \/>&#8211; Donn\u00e9es d&rsquo;identification : nom, pr\u00e9nom<br \/>&#8211; Coordonn\u00e9es : adresse postale, email, t\u00e9l\u00e9phone<br \/>&#8211; Donn\u00e9es relatives aux dons : montant, date, mode de paiement<br \/>&#8211; Donn\u00e9es professionnelles (pour les partenaires et fournisseurs)<\/p>\n<h3>2.2 Finalit\u00e9s du traitement<\/h3>\n<p>Les donn\u00e9es sont collect\u00e9es pour des finalit\u00e9s d\u00e9termin\u00e9es, explicites et l\u00e9gitimes, notamment :<br \/>&#8211; La gestion administrative de l&rsquo;ASBL<br \/>&#8211; Le traitement des dons et l&rsquo;\u00e9mission des attestations fiscales<br \/>&#8211; L&rsquo;envoi d&rsquo;informations relatives \u00e0 nos activit\u00e9s<br \/>&#8211; La gestion des relations avec nos partenaires<br \/>&#8211; Le respect de nos obligations l\u00e9gales et r\u00e9glementaires<\/p>\n<h2>3. Base juridique des traitements<\/h2>\n<p>Nos traitements de donn\u00e9es reposent sur les bases juridiques suivantes :<br \/>&#8211; Le consentement de la personne concern\u00e9e<br \/>&#8211; L&rsquo;ex\u00e9cution d&rsquo;un contrat ou de mesures pr\u00e9contractuelles<br \/>&#8211; Le respect d&rsquo;obligations l\u00e9gales<br \/>&#8211; L&rsquo;int\u00e9r\u00eat l\u00e9gitime poursuivi par l&rsquo;ASBL<\/p>\n<h2>4. Destinataires des donn\u00e9es<\/h2>\n<p>Les donn\u00e9es collect\u00e9es sont destin\u00e9es aux services internes habilit\u00e9s de l&rsquo;ASBL. Elles peuvent \u00eatre transmises \u00e0 des tiers dans les cas suivants :<br \/>&#8211; Prestataires techniques (h\u00e9bergement, maintenance)<br \/>&#8211; Organismes publics, sur demande et dans la limite de ce qui est permis par la r\u00e9glementation<br \/>&#8211; R\u00e9viseur d&rsquo;entreprises dans le cadre de ses missions l\u00e9gales<\/p>\n<h2>5. Dur\u00e9e de conservation<\/h2>\n<p>Les donn\u00e9es sont conserv\u00e9es pour une dur\u00e9e limit\u00e9e et proportionnelle \u00e0 la finalit\u00e9 pour laquelle elles sont collect\u00e9es :<br \/>&#8211; Donn\u00e9es relatives aux dons : 7 ans (obligation comptable belge)<br \/>&#8211; Donn\u00e9es des partenaires : dur\u00e9e de la relation contractuelle + 5 ans<br \/>&#8211; Donn\u00e9es de prospection : 3 ans \u00e0 compter du dernier contact<\/p>\n<h2>6. S\u00e9curit\u00e9 des donn\u00e9es<\/h2>\n<p>Nous mettons en \u0153uvre les mesures techniques et organisationnelles appropri\u00e9es afin de garantir un niveau de s\u00e9curit\u00e9 adapt\u00e9 au risque, notamment :<br \/>&#8211; S\u00e9curisation des acc\u00e8s<br \/>&#8211; Chiffrement des donn\u00e9es sensibles<br \/>&#8211; Formation du personnel<br \/>&#8211; Proc\u00e9dures de sauvegarde r\u00e9guli\u00e8res<\/p>\n<h2>7. Vos droits<\/h2>\n<p>Conform\u00e9ment \u00e0 la r\u00e9glementation, vous disposez des droits suivants :<br \/>&#8211; Droit d&rsquo;acc\u00e8s (article 15 du RGPD)<br \/>&#8211; Droit de rectification (article 16 du RGPD)<br \/>&#8211; Droit \u00e0 l&rsquo;effacement (article 17 du RGPD)<br \/>&#8211; Droit \u00e0 la limitation du traitement (article 18 du RGPD)<br \/>&#8211; Droit \u00e0 la portabilit\u00e9 (article 20 du RGPD)<br \/>&#8211; Droit d&rsquo;opposition (article 21 du RGPD)<\/p>\n<p>Pour exercer ces droits, vous pouvez nous contacter :<br \/>&#8211; Par courrier : Rue To\u00fbne 6, 1461 Ittre<br \/>&#8211; Par email : delegueprotectiondonnees@lamaisonnee.be<\/p>\n<p>Une r\u00e9ponse vous sera apport\u00e9e dans un d\u00e9lai d&rsquo;un mois \u00e0 compter de la r\u00e9ception de votre demande.<\/p>\n<h2>8. R\u00e9clamation<\/h2>\n<p>En cas de difficult\u00e9 en lien avec la gestion de vos donn\u00e9es personnelles, vous pouvez adresser une r\u00e9clamation aupr\u00e8s de l&rsquo;Autorit\u00e9 de Protection des Donn\u00e9es (APD) :<br \/>&#8211; www.autoriteprotectiondonnees.be<br \/>&#8211; Rue de la Presse 35, 1000 Bruxelles<br \/>&#8211; Tel : +32 (0)2 274 48 00<\/p>\n<h2>9. Modifications<\/h2>\n<p>La pr\u00e9sente politique de protection des donn\u00e9es personnelles peut \u00eatre mise \u00e0 jour \u00e0 tout moment. La version en vigueur est celle publi\u00e9e sur notre site web.<\/p>\n<p>Derni\u00e8re mise \u00e0 jour : 28 avril 2025<\/p>\n<p>[\/et_pb_text][\/et_pb_column][\/et_pb_row][\/et_pb_section]<\/p>\n","protected":false},"excerpt":{"rendered":"<p>Politique de Protection des Donn\u00e9es Personnelles (RGPD) &nbsp; Pr\u00e9ambule La pr\u00e9sente politique de protection des donn\u00e9es personnelles est \u00e9tablie conform\u00e9ment au R\u00e8glement (UE) 2016\/679 du Parlement europ\u00e9en et du Conseil du 27 avril 2016 relatif \u00e0 la protection des personnes physiques \u00e0 l&rsquo;\u00e9gard du traitement des donn\u00e9es \u00e0 caract\u00e8re personnel et \u00e0 la libre circulation [&hellip;]<\/p>\n","protected":false},"author":1,"featured_media":0,"parent":0,"menu_order":0,"comment_status":"closed","ping_status":"closed","template":"","meta":{"_et_pb_use_builder":"on","_et_pb_old_content":"","_et_gb_content_width":"","footnotes":""},"class_list":["post-394895","page","type-page","status-publish","hentry"],"_links":{"self":[{"href":"https:\/\/lamaisonnee.be\/index.php\/wp-json\/wp\/v2\/pages\/394895","targetHints":{"allow":["GET"]}}],"collection":[{"href":"https:\/\/lamaisonnee.be\/index.php\/wp-json\/wp\/v2\/pages"}],"about":[{"href":"https:\/\/lamaisonnee.be\/index.php\/wp-json\/wp\/v2\/types\/page"}],"author":[{"embeddable":true,"href":"https:\/\/lamaisonnee.be\/index.php\/wp-json\/wp\/v2\/users\/1"}],"replies":[{"embeddable":true,"href":"https:\/\/lamaisonnee.be\/index.php\/wp-json\/wp\/v2\/comments?post=394895"}],"version-history":[{"count":2,"href":"https:\/\/lamaisonnee.be\/index.php\/wp-json\/wp\/v2\/pages\/394895\/revisions"}],"predecessor-version":[{"id":394898,"href":"https:\/\/lamaisonnee.be\/index.php\/wp-json\/wp\/v2\/pages\/394895\/revisions\/394898"}],"wp:attachment":[{"href":"https:\/\/lamaisonnee.be\/index.php\/wp-json\/wp\/v2\/media?parent=394895"}],"curies":[{"name":"wp","href":"https:\/\/api.w.org\/{rel}","templated":true}]}}